{"id":1572,"date":"2024-02-08T15:28:45","date_gmt":"2024-02-08T14:28:45","guid":{"rendered":"https:\/\/nesaworld.eu\/?page_id=1572"},"modified":"2024-03-13T10:15:53","modified_gmt":"2024-03-13T09:15:53","slug":"aviso-legal","status":"publish","type":"page","link":"https:\/\/nesaworld.eu\/es\/aviso-legal\/","title":{"rendered":"Aviso Legal"},"content":{"rendered":"\t\t<div data-elementor-type=\"wp-page\" data-elementor-id=\"1572\" class=\"elementor elementor-1572\" data-elementor-post-type=\"page\">\n\t\t\t\t<div class=\"elementor-element elementor-element-ffac812 e-flex e-con-boxed e-con e-parent\" data-id=\"ffac812\" data-element_type=\"container\" data-e-type=\"container\">\n\t\t\t\t\t<div class=\"e-con-inner\">\n\t\t\t\t<div class=\"elementor-element elementor-element-c6876fa elementor-widget elementor-widget-heading\" data-id=\"c6876fa\" data-element_type=\"widget\" data-e-type=\"widget\" data-widget_type=\"heading.default\">\n\t\t\t\t<div class=\"elementor-widget-container\">\n\t\t\t\t\t<h2 class=\"elementor-heading-title elementor-size-default\">Aviso Legal<\/h2>\t\t\t\t<\/div>\n\t\t\t\t<\/div>\n\t\t\t\t<div class=\"elementor-element elementor-element-7fb7f64 enlaces elementor-widget elementor-widget-text-editor\" data-id=\"7fb7f64\" data-element_type=\"widget\" data-e-type=\"widget\" data-widget_type=\"text-editor.default\">\n\t\t\t\t<div class=\"elementor-widget-container\">\n\t\t\t\t\t\t\t\t\t<h4><strong>Informaci\u00f3n General<\/strong><\/h4><p><strong>Titular del portal:<\/strong>\u00a0NGS Health and Mind, S.L. N.I.F. B75181743<\/p><p><strong>Direcci\u00f3n:<\/strong>\u00a0Parque Empresarial Zuatzu Edif. Easo 4, local 1\u2028San Sebasti\u00e1n\u202820018 \u2013 Guip\u00fazcoa<\/p><p><strong>Contacto<\/strong>:\u00a0info@nesaworld.es<\/p><p>Todos los derechos reservados.<\/p><p><strong>A. Condiciones de acceso y utilizaci\u00f3n del portal<\/strong><\/p><p>El acceso a los contenidos de las secciones de nuestra Web, se har\u00e1 de acuerdo a la pol\u00edtica que establezca NGS Health and Mind, S.L. El usuario se compromete a utilizar el portal y los servicios de conformidad con la Ley 34\/2002 de 11 de julio de Servicios de la Sociedad de la Informaci\u00f3n y Comercio Electr\u00f3nico, las condiciones particulares de ciertos servicios, as\u00ed como la moral, buenas costumbres generalmente aceptadas y el orden p\u00fablico. Este sitio Web le es ofrecido a condici\u00f3n de que usted acepte \u00edntegramente los t\u00e9rminos, condiciones y comunicaciones contenidos en el presente aviso legal. El hecho de que usted use este sitio Web constituye por s\u00ed s\u00f3lo la aceptaci\u00f3n de los mismos. Tanto el acceso a esta web como el uso que pueda hacerse de la informaci\u00f3n contenida en el mismo es de la exclusiva responsabilidad de quien lo realiza.<\/p><p><strong>B. Conexiones con sitios de terceros<\/strong><\/p><p>Este portal pone a disposici\u00f3n de los usuarios dispositivos t\u00e9cnicos de enlace que les permite acceder a sitios web pertenecientes y\/o gestionados por terceros. NGS Health and Mind, S.L. no asume responsabilidad alguna por la informaci\u00f3n contenida en las p\u00e1ginas web de terceros a las que se pueda acceder por enlaces desde nuestras p\u00e1ginas. Sin embargo, se compromete a retirar enlaces en caso de tener conocimiento de la existencia de contenidos il\u00edcitos o que lesionen derechos de terceros.<\/p><p><strong>C. Contenido<\/strong><\/p><p>La informaci\u00f3n contenida en este sitio Web puede contener errores tipogr\u00e1ficos, imprecisiones e inexactitudes de los que NGS Health and Mind, S.L. se responsabiliza, excepto en el caso de que los mismos provengan de p\u00e1ginas de terceros a las que el usuario accede a trav\u00e9s de los enlaces colocados en nuestro portal.<\/p><p><strong>D. Limitaciones de uso<\/strong><\/p><p>Usted no est\u00e1 autorizado a modificar, copiar, distribuir, transmitir, divulgar, utilizar, reproducir, publicar, licenciar, ceder, vender ni crear trabajos derivados a partir de la informaci\u00f3n, los productos o los servicios que pueda obtener de este sitio Web. El uso de este sitio Web con fines ilegales o no autorizados por los presentes t\u00e9rminos, condiciones y comunicaciones queda terminantemente prohibido<\/p><p><strong>E. Derechos de propiedad intelectual<\/strong><\/p><p>NGS Health and Mind, S.L. es propietario, de toda la informaci\u00f3n contenida en este portal, su dise\u00f1o gr\u00e1fico, im\u00e1genes, bases de datos, \u00edndices, c\u00f3digos fuentes, marcas y logotipos, estando protegidos conforme a lo dispuesto en la Ley de Propiedad Intelectual, y, en la Ley de Marcas. En consecuencia la modificaci\u00f3n, adaptaci\u00f3n, comunicaci\u00f3n p\u00fablica, distribuci\u00f3n, venta, alquiler y cualquier otro derecho de propiedad intelectual realizado por el usuario sin consentimiento de NGS Health and Mind, S.L. queda prohibido. Las presentes condiciones ser\u00e1n tambi\u00e9n aplicables en el caso de elementos de la p\u00e1gina que son de titularidad de empresas, u entidades, salvo consentimiento de las mismas. En ning\u00fan caso, NGS Health and Mind, S.L. ser\u00e1 responsable de las posibles infracciones que en esta materia pudiera producir cualquier usuario del portal.<\/p><p><strong>F. Actualizaci\u00f3n y modificaci\u00f3n de la p\u00e1gina web<\/strong><\/p><p>NGS Health and Mind, S.L. se reserva el derecho a actualizar, modificar o eliminar la informaci\u00f3n de esta p\u00e1gina web y su configuraci\u00f3n sin preaviso. De igual forma podr\u00e1 suspender su difusi\u00f3n total o parcialmente y modificar la estructura o contenido de la misma sin previo aviso. Para la resoluci\u00f3n de problemas o preguntas relacionadas con este sitio Web, por favor p\u00f3ngase en contacto con NGS Health and Mind, S.L. por medio del correo electr\u00f3nico\u00a0info@nesaworld.es<\/p><p><strong>G. Incorporaci\u00f3n de datos personales a los ficheros de NGS Health and Mind, S.L<\/strong><\/p><p>Dado el car\u00e1cter personal de los datos facilitados, NGS Health and Mind, S.L se compromete a tratarlos con estricta confidencialidad guardando el secreto debido, a este efecto, la entidad ha elaborado e implantado un Documento de Seguridad de conformidad con la Ley Org\u00e1nica 15\/1999, de 13 de Diciembre, de Protecci\u00f3n de Datos de Car\u00e1cter Personal (en adelante, \u201cLOPD\u201d), y su reglamento. En consecuencia, se informa a todas aquellas personas que accedan y naveguen (en adelante, \u201clos Usuarios\u201d) por el sitio web accesible a trav\u00e9s del nombre de dominio www.nesaworld.es y sus subdominios (en adelante, \u201cel Sitio Web\u201d) que todos los datos personales recogidos a trav\u00e9s de este Sitio Web, incluyendo los datos facilitados por el Usuario o los obtenidos a trav\u00e9s de cookies, ser\u00e1n incorporados y tratados en los ficheros titularidad de NGS Health and Mind, S.L para las siguientes finalidades: posibilitar la prestaci\u00f3n de los servicios solicitados, gestionar y mantener el Sitio Web; atender consultas o solicitudes planteadas; as\u00ed como mantener a los Usuarios informados, incluso por medios electr\u00f3nicos, sobre novedades y servicios y\/o productos de NGS Health and Mind, S.L<\/p><p>Si no desea recibir este tipo de comunicaciones, el Usuario debe indicarlo marcando la casilla habilitada a tal efecto en el Sitio Web; o mediante el env\u00edo de un correo electr\u00f3nico a\u00a0info@nesaworld.es<\/p><p>La cumplimentaci\u00f3n de todos los datos solicitados a trav\u00e9s del Sitio Web es necesaria para lograr una \u00f3ptima prestaci\u00f3n de los servicios puestos a disposici\u00f3n del Usuario. De no facilitarse todos los datos, NGS Health and Mind, S.L no garantiza que la informaci\u00f3n y servicios facilitados puedan prestarse, se presten correctamente o se ajusten a las necesidades del Usuario.<\/p><p><strong>H. Ejercicio de derechos<\/strong><\/p><p>El Usuario puede ejercer sus derechos de acceso, rectificaci\u00f3n, cancelaci\u00f3n y oposici\u00f3n previstos en la LOPD mediante una comunicaci\u00f3n escrita dirigida a NGS Health and Mind, S.L, Parque Empresarial Zuatzu Edif. Easo 4, local 1\u2028San Sebasti\u00e1n\u202820018 \u2013 Guip\u00fazcoa ; o bien mediante correo electr\u00f3nico dirigido a\u00a0info@nesaworld.es<\/p><p>En ambos casos el Usuario interesado deber\u00e1 acompa\u00f1ar una copia de su documento nacional de identidad, pasaporte u otro documento v\u00e1lido que lo identifique.<\/p><p>\u00a0<\/p>\t\t\t\t\t\t\t\t<\/div>\n\t\t\t\t<\/div>\n\t\t\t\t\t<\/div>\n\t\t\t\t<\/div>\n\t\t\t\t<\/div>\n\t\t","protected":false},"excerpt":{"rendered":"<p>Aviso Legal Informaci\u00f3n General Titular del portal:\u00a0NGS Health and Mind, S.L. N.I.F. B75181743 Direcci\u00f3n:\u00a0Parque Empresarial Zuatzu Edif. Easo 4, local 1\u2028San Sebasti\u00e1n\u202820018 \u2013 Guip\u00fazcoa Contacto:\u00a0info@nesaworld.es Todos los derechos reservados. A. Condiciones de acceso y utilizaci\u00f3n del portal El acceso a los contenidos de las secciones de nuestra Web, se har\u00e1 de acuerdo a la pol\u00edtica&#8230;<\/p>\n","protected":false},"author":2,"featured_media":0,"parent":0,"menu_order":0,"comment_status":"closed","ping_status":"closed","template":"","meta":{"footnotes":""},"class_list":["post-1572","page","type-page","status-publish","hentry"],"_links":{"self":[{"href":"https:\/\/nesaworld.eu\/es\/wp-json\/wp\/v2\/pages\/1572","targetHints":{"allow":["GET"]}}],"collection":[{"href":"https:\/\/nesaworld.eu\/es\/wp-json\/wp\/v2\/pages"}],"about":[{"href":"https:\/\/nesaworld.eu\/es\/wp-json\/wp\/v2\/types\/page"}],"author":[{"embeddable":true,"href":"https:\/\/nesaworld.eu\/es\/wp-json\/wp\/v2\/users\/2"}],"replies":[{"embeddable":true,"href":"https:\/\/nesaworld.eu\/es\/wp-json\/wp\/v2\/comments?post=1572"}],"version-history":[{"count":7,"href":"https:\/\/nesaworld.eu\/es\/wp-json\/wp\/v2\/pages\/1572\/revisions"}],"predecessor-version":[{"id":3473,"href":"https:\/\/nesaworld.eu\/es\/wp-json\/wp\/v2\/pages\/1572\/revisions\/3473"}],"wp:attachment":[{"href":"https:\/\/nesaworld.eu\/es\/wp-json\/wp\/v2\/media?parent=1572"}],"curies":[{"name":"wp","href":"https:\/\/api.w.org\/{rel}","templated":true}]}}