{"id":1573,"date":"2024-02-08T15:29:00","date_gmt":"2024-02-08T14:29:00","guid":{"rendered":"https:\/\/nesaworld.eu\/?page_id=1573"},"modified":"2024-03-13T10:15:34","modified_gmt":"2024-03-13T09:15:34","slug":"politica-de-cookies","status":"publish","type":"page","link":"https:\/\/nesaworld.eu\/es\/politica-de-cookies\/","title":{"rendered":"Pol\u00edtica de Cookies"},"content":{"rendered":"\t\t<div data-elementor-type=\"wp-page\" data-elementor-id=\"1573\" class=\"elementor elementor-1573\" data-elementor-post-type=\"page\">\n\t\t\t\t<div class=\"elementor-element elementor-element-242e8ed e-flex e-con-boxed e-con e-parent\" data-id=\"242e8ed\" data-element_type=\"container\" data-e-type=\"container\">\n\t\t\t\t\t<div class=\"e-con-inner\">\n\t\t\t\t<div class=\"elementor-element elementor-element-174c054 elementor-widget elementor-widget-heading\" data-id=\"174c054\" data-element_type=\"widget\" data-e-type=\"widget\" data-widget_type=\"heading.default\">\n\t\t\t\t<div class=\"elementor-widget-container\">\n\t\t\t\t\t<h1 class=\"elementor-heading-title elementor-size-default\">Pol\u00edtica de Cookies<\/h1>\t\t\t\t<\/div>\n\t\t\t\t<\/div>\n\t\t\t\t<div class=\"elementor-element elementor-element-426409f enlaces elementor-widget elementor-widget-text-editor\" data-id=\"426409f\" data-element_type=\"widget\" data-e-type=\"widget\" data-widget_type=\"text-editor.default\">\n\t\t\t\t<div class=\"elementor-widget-container\">\n\t\t\t\t\t\t\t\t\t<p>En cumplimiento con la Ley 34\/2002, de 11 de julio de Servicios de la Informaci\u00f3n y de Comercio Electr\u00f3nico la presente p\u00e1gina web le informa sobre la pol\u00edtica de recogida y tratamiento de las cookies.<\/p><p><b>\u00bfQU\u00c9 ES UNA COOKIE?<\/b><\/p><p>Una cookie es un fichero que se descarga en un ordenador mientras se navega en una determinada web. Las cookies permiten a una p\u00e1gina web, entre otras cosas, almacenar y recuperar informaci\u00f3n sobre los h\u00e1bitos de navegaci\u00f3n de un usuario o de su equipo y, dependiendo de la informaci\u00f3n que contengan y de la forma en que utilice su equipo, pueden utilizarse para reconocer al usuario.<\/p><p><b>\u00bfQU\u00c9 TIPOS DE COOKIES EXISTEN?<\/b><\/p><p>Existen diferentes tipos de cookies en funci\u00f3n de los distintos criterios:<\/p><p>En funci\u00f3n de su titularidad:<\/p><p><strong>Cookies propias:<\/strong>\u00a0Son las que pertenecen a la entidad que gestiona el dominio que presta el servicio solicitado.<\/p><p><strong>Cookies de terceros:<\/strong>\u00a0Son aquellas cuya titularidad es de un tercero, distinto de la entidad que gestiona el dominio que presta el servicio solicitado por el usuario, y que ser\u00e1 qui\u00e9n trate la informaci\u00f3n recabada o aqu\u00e9llas que son tratadas por un tercero.<\/p><p>En funci\u00f3n del tiempo que permanecen activas en el equipo terminal:<\/p><p><strong>Cookies de sesi\u00f3n:<\/strong>\u00a0Son aquellas cookies que se generan para recoger y almacenar los datos de navegaci\u00f3n mientras el usuario accede a una p\u00e1gina web. Permanecen activas hasta que se abandona la p\u00e1gina y se cierra el navegador, de formar que al reiniciar el navegador y volver a visitar la p\u00e1gina web, \u00e9sta no reconoce al usuario.<\/p><p><strong>Cookies permanentes:<\/strong>\u00a0Son aquellas cookies que se almacenan en el equipo terminal y pueden ser accedidas durante el per\u00edodo de tiempo definido por la entidad que gestiona la cookie. Estos archivos permanecer\u00e1n en el equipo hasta que se eliminen de forma manual o el navegador las elimine de acuerdo con el periodo de duraci\u00f3n establecido de la cookie, que puede ser de unos minutos a varios a\u00f1os.<\/p><p>En funci\u00f3n de su finalidad:<\/p><p><strong>Cookies t\u00e9cnicas:<\/strong>\u00a0Son aqu\u00e9llas estrictamente necesarias para el correcto funcionamiento de una p\u00e1gina web. Se generan cuando el usuario accede o inicia sesi\u00f3n en el sitio y se utilizan para identificarlo durante su navegaci\u00f3n en el sitio y para comprobar si est\u00e1 autorizado a acceder a servicios o zonas restringidas del sitio web.<\/p><p><strong>Cookies de personalizaci\u00f3n:<\/strong>\u00a0Son aquellas cookies que permiten al usuario personalizar algunas funciones o contenidos del sitio web en funci\u00f3n de las caracter\u00edsticas definidas en su terminal o por \u00e9l mismo al acceder al sitio.<\/p><p><strong>Cookies de an\u00e1lisis:<\/strong>\u00a0Son aquellas cookies que permiten al responsable de las mismas realizar el seguimiento y an\u00e1lisis del comportamiento del usuario cuando se conecta a un sitio web. Permiten cuantificar el n\u00famero de usuarios y realizar an\u00e1lisis estad\u00edsticos sobre la utilizaci\u00f3n del sitio con el fin de mejorar los servicios ofrecidos.<\/p><p><strong>Cookies publicitarias:<\/strong>\u00a0Son aquellas que permiten gestionar, de la forma m\u00e1s eficaz posible, la oferta de los espacios publicitarios que se presentan en un sitio web en base a criterios como pueden ser el contenido o la frecuencia con la que aparecen los anuncios.<\/p><p><strong>Cookies de publicidad comportamental:<\/strong>\u00a0Son aquellas que permiten gestionar, de la forma m\u00e1s eficaz posible, la oferta de los espacios publicitarios que se presentan en un sitio web. Estas cookies almacenan informaci\u00f3n del comportamiento que tienen los usuarios extra\u00edda por la observaci\u00f3n continuada de sus h\u00e1bitos de navegaci\u00f3n. De esta forma se desarrolla un perfil de navegaci\u00f3n y se muestra publicidad en funci\u00f3n del mismo.<\/p><p><b>\u00bfQU\u00c9 TIPO DE COOKIES UTILIZA ESTA P\u00c1GINA WEB?<\/b><\/p><p><strong>Cookies propias:<\/strong><\/p><ul><li><b>Nesa.world<\/b>:<ul><li>bp_user-registered, bp_user-role, bp_ut_session: Guarda informaci\u00f3n del usuario y sus sesiones para mejorar su experiencia en la web. Tiene una duraci\u00f3n de 13 a\u00f1os, 8 meses y 7 d\u00edas (5000 d\u00edas) hasta caducar.<\/li><li>catAccCookies: Almacena si el usuario ha aceptado o no la pol\u00edtica de cookies. Tiene una duraci\u00f3n de 1 mes hasta caducar.<\/li><li>qtrans_front_language: Almacena el lenguaje que se est\u00e1 utilizando durante la navegaci\u00f3n o durante la \u00faltima visita. Tiene una duraci\u00f3n de 2 a\u00f1os hasta caducar.<\/li><\/ul><\/li><\/ul><p><strong>Cookies de terceros:<\/strong><\/p><ul><li>Espec\u00edficas:<ul><li>__cfduid: Es establecida por CloudFlare para determinar el tr\u00e1fico web de confianza. Se utiliza para anular las restricciones de seguridad basadas en la direcci\u00f3n IP del cliente. No guarda ning\u00fan dato personal identificable.. Tiene una duraci\u00f3n de 1 a\u00f1o hasta caducar.<\/li><li>_ga: Esta cookie pertenece a Google Analytics. Es utilizada para distinguir y realizar un seguimiento de la sesi\u00f3n de los distintos usuarios que visitan la p\u00e1gina.. Tiene una duraci\u00f3n de 2 a\u00f1os hasta caducar.<\/li><li>_gid: Tambi\u00e9n pertenece a Google Analytics. Distingue a los usuarios, almacena la ID de la sesi\u00f3n y agrupa todo el tr\u00e1fico de sesi\u00f3n de cada usuario. Tiene una duraci\u00f3n de 24 horas hasta caducar.<\/li><li>_hjIncludedInSample: Es una cookie de anal\u00edtica web que recopila informaci\u00f3n an\u00f3nima del uso y origen de las visitas, entre otros datos estad\u00edsticos. Su duraci\u00f3n caduca una vez finalice la navegaci\u00f3n.<\/li><\/ul><\/li><\/ul><p>Los usuarios podr\u00e1n rechazar el tratamiento de tales datos o informaci\u00f3n rechazando el uso de Cookies mediante la selecci\u00f3n de la configuraci\u00f3n apropiada a tal fin en su navegador.<\/p><p>Puede usted permitir, bloquear o eliminar las cookies instaladas en su equipo mediante la configuraci\u00f3n de las opciones del navegador instalado en su ordenador.<\/p><p>En los siguientes enlaces obtendr\u00e1 informaci\u00f3n de los navegadores m\u00e1s comunes:<\/p><ul><li>Para m\u00e1s informaci\u00f3n del Navegador Chrome\u00a0<a href=\"https:\/\/support.google.com\/chrome\/bin\/answer.py?hl=es&amp;answer=95647\" target=\"_blank\" rel=\"noopener\">pulse aqu\u00ed<\/a><\/li><li>Para m\u00e1s informaci\u00f3n del Navegador Explorer\u00a0<a href=\"http:\/\/windows.microsoft.com\/es-es\/windows7\/how-to-manage-cookies-in-internet-explorer-9\" target=\"_blank\" rel=\"noopener\">pulse aqu\u00ed<\/a><\/li><li>Para m\u00e1s informaci\u00f3n del Navegador Firefox\u00a0<a href=\"https:\/\/support.mozilla.org\/es\/kb\/habilitar-y-deshabilitar-cookies-que-los-sitios-we\" target=\"_blank\" rel=\"noopener\">pulse aqu\u00ed<\/a><\/li><li>Para m\u00e1s informaci\u00f3n del Navegador Safari\u00a0<a href=\"https:\/\/support.apple.com\/kb\/ph5042\" target=\"_blank\" rel=\"noopener\">pulse aqu\u00ed<\/a><\/li><\/ul>\t\t\t\t\t\t\t\t<\/div>\n\t\t\t\t<\/div>\n\t\t\t\t\t<\/div>\n\t\t\t\t<\/div>\n\t\t\t\t<\/div>\n\t\t","protected":false},"excerpt":{"rendered":"<p>Pol\u00edtica de Cookies En cumplimiento con la Ley 34\/2002, de 11 de julio de Servicios de la Informaci\u00f3n y de Comercio Electr\u00f3nico la presente p\u00e1gina web le informa sobre la pol\u00edtica de recogida y tratamiento de las cookies. \u00bfQU\u00c9 ES UNA COOKIE? Una cookie es un fichero que se descarga en un ordenador mientras se&#8230;<\/p>\n","protected":false},"author":2,"featured_media":0,"parent":0,"menu_order":0,"comment_status":"closed","ping_status":"closed","template":"","meta":{"footnotes":""},"class_list":["post-1573","page","type-page","status-publish","hentry"],"_links":{"self":[{"href":"https:\/\/nesaworld.eu\/es\/wp-json\/wp\/v2\/pages\/1573","targetHints":{"allow":["GET"]}}],"collection":[{"href":"https:\/\/nesaworld.eu\/es\/wp-json\/wp\/v2\/pages"}],"about":[{"href":"https:\/\/nesaworld.eu\/es\/wp-json\/wp\/v2\/types\/page"}],"author":[{"embeddable":true,"href":"https:\/\/nesaworld.eu\/es\/wp-json\/wp\/v2\/users\/2"}],"replies":[{"embeddable":true,"href":"https:\/\/nesaworld.eu\/es\/wp-json\/wp\/v2\/comments?post=1573"}],"version-history":[{"count":16,"href":"https:\/\/nesaworld.eu\/es\/wp-json\/wp\/v2\/pages\/1573\/revisions"}],"predecessor-version":[{"id":3470,"href":"https:\/\/nesaworld.eu\/es\/wp-json\/wp\/v2\/pages\/1573\/revisions\/3470"}],"wp:attachment":[{"href":"https:\/\/nesaworld.eu\/es\/wp-json\/wp\/v2\/media?parent=1573"}],"curies":[{"name":"wp","href":"https:\/\/api.w.org\/{rel}","templated":true}]}}