{"id":39896,"date":"2025-02-25T08:19:38","date_gmt":"2025-02-25T07:19:38","guid":{"rendered":"https:\/\/nesaworld.eu\/?page_id=39896"},"modified":"2025-03-10T10:00:56","modified_gmt":"2025-03-10T09:00:56","slug":"webinar-romania-27-martie","status":"publish","type":"page","link":"https:\/\/nesaworld.eu\/es\/webinar-romania-27-martie\/","title":{"rendered":"Webinar Rom\u00e2nia 27 martie"},"content":{"rendered":"\t\t<div data-elementor-type=\"wp-page\" data-elementor-id=\"39896\" class=\"elementor elementor-39896\" data-elementor-post-type=\"page\">\n\t\t\t\t<div class=\"elementor-element elementor-element-ccbfd86 e-flex e-con-boxed e-con e-parent\" data-id=\"ccbfd86\" data-element_type=\"container\" data-e-type=\"container\" data-settings=\"{&quot;background_background&quot;:&quot;classic&quot;}\">\n\t\t\t\t\t<div class=\"e-con-inner\">\n\t\t<div class=\"elementor-element elementor-element-7f806a7 e-con-full e-flex e-con e-child\" data-id=\"7f806a7\" data-element_type=\"container\" data-e-type=\"container\">\n\t\t<div class=\"elementor-element elementor-element-4687b1b e-con-full fecha e-flex e-con e-child\" data-id=\"4687b1b\" data-element_type=\"container\" data-e-type=\"container\">\n\t\t\t\t<div class=\"elementor-element elementor-element-8f1e33e elementor-widget elementor-widget-text-editor\" data-id=\"8f1e33e\" data-element_type=\"widget\" data-e-type=\"widget\" data-widget_type=\"text-editor.default\">\n\t\t\t\t<div class=\"elementor-widget-container\">\n\t\t\t\t\t\t\t\t\t<p>27 MARTIE<\/p>\t\t\t\t\t\t\t\t<\/div>\n\t\t\t\t<\/div>\n\t\t\t\t<div class=\"elementor-element elementor-element-3725d67 elementor-widget elementor-widget-text-editor\" data-id=\"3725d67\" data-element_type=\"widget\" data-e-type=\"widget\" data-widget_type=\"text-editor.default\">\n\t\t\t\t<div class=\"elementor-widget-container\">\n\t\t\t\t\t\t\t\t\t<p>18:00h. <span data-teams=\"true\">ORA ROM\u00c2NIEI \u2013<br \/>WEBINAR ONLINE (NU \u00ceN PERSOAN\u0102)<\/span><\/p>\t\t\t\t\t\t\t\t<\/div>\n\t\t\t\t<\/div>\n\t\t\t\t<\/div>\n\t\t\t\t<\/div>\n\t\t\t\t<div class=\"elementor-element elementor-element-ea2dbdb elementor-widget__width-initial elementor-widget elementor-widget-heading\" data-id=\"ea2dbdb\" data-element_type=\"widget\" data-e-type=\"widget\" data-widget_type=\"heading.default\">\n\t\t\t\t<div class=\"elementor-widget-container\">\n\t\t\t\t\t<h1 class=\"elementor-heading-title elementor-size-default\">Webinar gratuit pentru profesioni\u0219tii din domeniul s\u0103n\u0103t\u0103\u021bii privind neuromodularea neinvaziv\u0103 cu NESA\u00ae<\/h1>\t\t\t\t<\/div>\n\t\t\t\t<\/div>\n\t\t\t\t<div class=\"elementor-element elementor-element-14bcd9f elementor-widget__width-initial elementor-widget elementor-widget-heading\" data-id=\"14bcd9f\" data-element_type=\"widget\" data-e-type=\"widget\" data-widget_type=\"heading.default\">\n\t\t\t\t<div class=\"elementor-widget-container\">\n\t\t\t\t\t<h3 class=\"elementor-heading-title elementor-size-default\">Dori\u021bi s\u0103 transforma\u021bi tratamentul bolilor cronice? Explora\u021bi principiile fiziologice \u0219i beneficiile clinice ale neuromodul\u0103rii non-invazive NESA\u00ae. <\/h3>\t\t\t\t<\/div>\n\t\t\t\t<\/div>\n\t\t<div class=\"elementor-element elementor-element-86442bb e-con-full e-flex e-con e-child\" data-id=\"86442bb\" data-element_type=\"container\" data-e-type=\"container\">\n\t\t<div class=\"elementor-element elementor-element-034562c e-con-full e-flex e-con e-child\" data-id=\"034562c\" data-element_type=\"container\" data-e-type=\"container\">\n\t\t\t\t<div class=\"elementor-element elementor-element-4606ba3 elementor-widget elementor-widget-image\" data-id=\"4606ba3\" data-element_type=\"widget\" data-e-type=\"widget\" data-widget_type=\"image.default\">\n\t\t\t\t<div class=\"elementor-widget-container\">\n\t\t\t\t\t\t\t\t\t\t\t\t\t\t\t<img decoding=\"async\" width=\"120\" height=\"120\" src=\"https:\/\/nesaworld.eu\/wp-content\/uploads\/2025\/02\/raluca-rum-nr.png\" class=\"attachment-large size-large wp-image-39917\" alt=\"\" \/>\t\t\t\t\t\t\t\t\t\t\t\t\t\t\t<\/div>\n\t\t\t\t<\/div>\n\t\t\t\t<div class=\"elementor-element elementor-element-cc51fe4 strong elementor-widget elementor-widget-text-editor\" data-id=\"cc51fe4\" data-element_type=\"widget\" data-e-type=\"widget\" data-widget_type=\"text-editor.default\">\n\t\t\t\t<div class=\"elementor-widget-container\">\n\t\t\t\t\t\t\t\t\t<p>Dr. <strong>Raluca Munteanu<\/strong> <br \/><span data-teams=\"true\">Specialist \u00een Medicin\u0103 Fizic\u0103 \u0219i Reabilitare. Fondatoarea Nevis Clinic, cu experien\u021b\u0103 la B\u0103ile Felix \u0219i format\u0103 la Universitatea, \u00abVictor Babe\u0219\u201d din Timi\u0219oara.<\/span><\/p>\t\t\t\t\t\t\t\t<\/div>\n\t\t\t\t<\/div>\n\t\t\t\t<\/div>\n\t\t\t\t<\/div>\n\t\t\t\t<div class=\"elementor-element elementor-element-e45eae9 elementor-align-left buttonbook elementor-widget elementor-widget-button\" data-id=\"e45eae9\" data-element_type=\"widget\" data-e-type=\"widget\" data-widget_type=\"button.default\">\n\t\t\t\t<div class=\"elementor-widget-container\">\n\t\t\t\t\t\t\t\t\t<div class=\"elementor-button-wrapper\">\n\t\t\t\t\t<a class=\"elementor-button elementor-button-link elementor-size-sm\" href=\"#reserva\">\n\t\t\t\t\t\t<span class=\"elementor-button-content-wrapper\">\n\t\t\t\t\t\t<span class=\"elementor-button-icon\">\n\t\t\t\t<svg xmlns=\"http:\/\/www.w3.org\/2000\/svg\" width=\"38\" height=\"38\" viewBox=\"0 0 38 38\" fill=\"none\"><circle cx=\"18.62\" cy=\"18.62\" r=\"18.62\" fill=\"white\"><\/circle><path d=\"M10.8254 13.5949C12.4411 10.84 15.3818 9 18.7456 9C23.8473 9 27.9858 13.2446 27.9858 18.4773C27.9858 23.7099 23.8473 27.9545 18.7456 27.9545C15.443 27.9545 12.543 26.1772 10.9121 23.5008\" stroke=\"#E6902F\" stroke-width=\"2\" stroke-linecap=\"round\" stroke-linejoin=\"round\"><\/path><path d=\"M14.811 13.9922L19.4031 18.7021L14.7244 23.5008\" stroke=\"#E6902F\" stroke-width=\"2\" stroke-linecap=\"round\" stroke-linejoin=\"round\"><\/path><path d=\"M19.4031 18.7021H5\" stroke=\"#E6902F\" stroke-width=\"2\" stroke-linecap=\"round\" stroke-linejoin=\"round\"><\/path><\/svg>\t\t\t<\/span>\n\t\t\t\t\t\t\t\t\t<span class=\"elementor-button-text\">Rezerv\u0103-\u021bi locul<\/span>\n\t\t\t\t\t<\/span>\n\t\t\t\t\t<\/a>\n\t\t\t\t<\/div>\n\t\t\t\t\t\t\t\t<\/div>\n\t\t\t\t<\/div>\n\t\t\t\t\t<\/div>\n\t\t\t\t<\/div>\n\t\t<div class=\"elementor-element elementor-element-2526823 e-flex e-con-boxed e-con e-parent\" data-id=\"2526823\" data-element_type=\"container\" data-e-type=\"container\" data-settings=\"{&quot;background_background&quot;:&quot;classic&quot;}\">\n\t\t\t\t\t<div class=\"e-con-inner\">\n\t\t<div class=\"elementor-element elementor-element-ec440fc e-con-full e-flex e-con e-child\" data-id=\"ec440fc\" data-element_type=\"container\" data-e-type=\"container\" data-settings=\"{&quot;background_background&quot;:&quot;gradient&quot;}\">\n\t\t\t\t<div class=\"elementor-element elementor-element-9b43f5f elementor-widget elementor-widget-text-editor\" data-id=\"9b43f5f\" data-element_type=\"widget\" data-e-type=\"widget\" data-widget_type=\"text-editor.default\">\n\t\t\t\t<div class=\"elementor-widget-container\">\n\t\t\t\t\t\t\t\t\t<p><span class=\"TextRun SCXW189002141 BCX0\" lang=\"PT-PT\" xml:lang=\"PT-PT\" data-contrast=\"auto\"><span class=\"NormalTextRun SpellingErrorV2Themed SCXW189002141 BCX0\">Num\u0103r\u0103toarea<\/span> <span class=\"NormalTextRun SpellingErrorV2Themed SCXW189002141 BCX0\">invers\u0103<\/span><span class=\"NormalTextRun SCXW189002141 BCX0\">: <\/span><span class=\"NormalTextRun SpellingErrorV2Themed SCXW189002141 BCX0\">Webinarul<\/span> <span class=\"NormalTextRun SpellingErrorV2Themed SCXW189002141 BCX0\">\u00eencepe<\/span> <span class=\"NormalTextRun SpellingErrorV2Themed SCXW189002141 BCX0\">\u00een<\/span><span class=\"NormalTextRun SCXW189002141 BCX0\">&#8230;<\/span><\/span><span class=\"EOP SCXW189002141 BCX0\" data-ccp-props=\"{}\">\u00a0<\/span><\/p>\t\t\t\t\t\t\t\t<\/div>\n\t\t\t\t<\/div>\n\t\t\t\t<div class=\"elementor-element elementor-element-9cf4173 elementor-countdown--label-block elementor-widget elementor-widget-countdown\" data-id=\"9cf4173\" data-element_type=\"widget\" data-e-type=\"widget\" data-widget_type=\"countdown.default\">\n\t\t\t\t<div class=\"elementor-widget-container\">\n\t\t\t\t\t\t\t<div class=\"elementor-countdown-wrapper\" data-date=\"1743094800\">\n\t\t\t<div class=\"elementor-countdown-item\"><span class=\"elementor-countdown-digits elementor-countdown-days\"><\/span> <span class=\"elementor-countdown-label\">D\u00edas<\/span><\/div><div class=\"elementor-countdown-item\"><span class=\"elementor-countdown-digits elementor-countdown-hours\"><\/span> <span class=\"elementor-countdown-label\">Horas<\/span><\/div><div class=\"elementor-countdown-item\"><span class=\"elementor-countdown-digits elementor-countdown-minutes\"><\/span> <span class=\"elementor-countdown-label\">Minutos<\/span><\/div><div class=\"elementor-countdown-item\"><span class=\"elementor-countdown-digits elementor-countdown-seconds\"><\/span> <span class=\"elementor-countdown-label\">Segundos<\/span><\/div>\t\t<\/div>\n\t\t\t\t\t\t<\/div>\n\t\t\t\t<\/div>\n\t\t\t\t<\/div>\n\t\t\t\t\t<\/div>\n\t\t\t\t<\/div>\n\t\t<div class=\"elementor-element elementor-element-d656d48 e-flex e-con-boxed e-con e-parent\" data-id=\"d656d48\" data-element_type=\"container\" data-e-type=\"container\">\n\t\t\t\t\t<div class=\"e-con-inner\">\n\t\t<div class=\"elementor-element elementor-element-54fc440 e-con-full e-flex e-con e-child\" data-id=\"54fc440\" data-element_type=\"container\" data-e-type=\"container\">\n\t\t\t\t<div class=\"elementor-element elementor-element-a7e7407 elementor-widget-tablet__width-initial elementor-widget elementor-widget-heading\" data-id=\"a7e7407\" data-element_type=\"widget\" data-e-type=\"widget\" data-widget_type=\"heading.default\">\n\t\t\t\t<div class=\"elementor-widget-container\">\n\t\t\t\t\t<h3 class=\"elementor-heading-title elementor-size-default\">Afla\u021bi mai multe despre neuromodularea non-invaziv\u0103 \u0219i \u00eembun\u0103t\u0103\u021bi\u021bi s\u0103n\u0103tatea pacien\u021bilor \u0219i a clinicii dumneavoastr\u0103. <\/h3>\t\t\t\t<\/div>\n\t\t\t\t<\/div>\n\t\t\t\t<div class=\"elementor-element elementor-element-aa656bd elementor-widget-tablet__width-initial elementor-widget elementor-widget-text-editor\" data-id=\"aa656bd\" data-element_type=\"widget\" data-e-type=\"widget\" data-widget_type=\"text-editor.default\">\n\t\t\t\t<div class=\"elementor-widget-container\">\n\t\t\t\t\t\t\t\t\t<p><span class=\"TextRun SCXW5847880 BCX0\" lang=\"PT-PT\" xml:lang=\"PT-PT\" data-contrast=\"auto\"><span class=\"NormalTextRun SCXW5847880 BCX0\">Peste 2.000 de <\/span><span class=\"NormalTextRun SpellingErrorV2Themed SCXW5847880 BCX0\">profesioni\u0219ti<\/span> <span class=\"NormalTextRun SpellingErrorV2Themed SCXW5847880 BCX0\">din<\/span> <span class=\"NormalTextRun SpellingErrorV2Themed SCXW5847880 BCX0\">domeniul<\/span> <span class=\"NormalTextRun SpellingErrorV2Themed SCXW5847880 BCX0\">s\u0103n\u0103t\u0103\u021bii<\/span><span class=\"NormalTextRun SCXW5847880 BCX0\"> au <\/span><span class=\"NormalTextRun SpellingErrorV2Themed SCXW5847880 BCX0\">fost<\/span> <span class=\"NormalTextRun SpellingErrorV2Themed SCXW5847880 BCX0\">deja<\/span> <span class=\"NormalTextRun SpellingErrorV2Themed SCXW5847880 BCX0\">instrui\u021bi<\/span> <span class=\"NormalTextRun SpellingErrorV2Themed SCXW5847880 BCX0\">\u00een<\/span> <span class=\"NormalTextRun SpellingErrorV2Themed SCXW5847880 BCX0\">utilizarea<\/span> <span class=\"NormalTextRun SpellingErrorV2Themed SCXW5847880 BCX0\">tehnologiei<\/span> <span class=\"NormalTextRun SpellingErrorV2Themed SCXW5847880 BCX0\">medicale<\/span><span class=\"NormalTextRun SCXW5847880 BCX0\"> NESA\u00ae.<\/span><\/span><span class=\"EOP SCXW5847880 BCX0\" data-ccp-props=\"{&quot;335551550&quot;:6,&quot;335551620&quot;:6}\">\u00a0<\/span><\/p>\t\t\t\t\t\t\t\t<\/div>\n\t\t\t\t<\/div>\n\t\t\t\t<div class=\"elementor-element elementor-element-fcaf55e elementor-widget-tablet__width-initial elementor-widget elementor-widget-heading\" data-id=\"fcaf55e\" data-element_type=\"widget\" data-e-type=\"widget\" data-widget_type=\"heading.default\">\n\t\t\t\t<div class=\"elementor-widget-container\">\n\t\t\t\t\t<h3 class=\"elementor-heading-title elementor-size-default\">Vorbitorii no\u0219tri <\/h3>\t\t\t\t<\/div>\n\t\t\t\t<\/div>\n\t\t<div class=\"elementor-element elementor-element-5cdddec e-con-full e-flex e-con e-child\" data-id=\"5cdddec\" data-element_type=\"container\" data-e-type=\"container\">\n\t\t<div class=\"elementor-element elementor-element-1717c5e e-con-full e-flex e-con e-child\" data-id=\"1717c5e\" data-element_type=\"container\" data-e-type=\"container\">\n\t\t\t\t<div class=\"elementor-element elementor-element-d6de1fb elementor-widget elementor-widget-image\" data-id=\"d6de1fb\" data-element_type=\"widget\" data-e-type=\"widget\" data-widget_type=\"image.default\">\n\t\t\t\t<div class=\"elementor-widget-container\">\n\t\t\t\t\t\t\t\t\t\t\t\t\t\t\t<img decoding=\"async\" width=\"185\" height=\"185\" src=\"https:\/\/nesaworld.eu\/wp-content\/uploads\/2025\/02\/raluca-rum-wht.png\" class=\"attachment-large size-large wp-image-39908\" alt=\"\" srcset=\"https:\/\/nesaworld.eu\/wp-content\/uploads\/2025\/02\/raluca-rum-wht.png 185w, https:\/\/nesaworld.eu\/wp-content\/uploads\/2025\/02\/raluca-rum-wht-150x150.png 150w\" sizes=\"(max-width: 185px) 100vw, 185px\" \/>\t\t\t\t\t\t\t\t\t\t\t\t\t\t\t<\/div>\n\t\t\t\t<\/div>\n\t\t\t\t<div class=\"elementor-element elementor-element-2b6c375 strong elementor-widget elementor-widget-text-editor\" data-id=\"2b6c375\" data-element_type=\"widget\" data-e-type=\"widget\" data-widget_type=\"text-editor.default\">\n\t\t\t\t<div class=\"elementor-widget-container\">\n\t\t\t\t\t\t\t\t\t<p><strong>RALUCA MUNTEANU<\/strong><\/p><p>Specialist \u00een Medicin\u0103 Fizic\u0103 \u0219i Reabilitare, absolvent\u0103 a UMF \u201eVictor Babe\u0219\u201d Timi\u0219oara. Fondatoarea Nevis Clinic, cu reziden\u021biat la B\u0103ile Felix.<\/p><p>Membr\u0103 a Royal Medical Club of Romania \u0219i a Societ\u0103\u021bii Na\u021bionale de Reabilitare Medical\u0103. Activ\u0103 \u00een congrese interna\u021bionale \u0219i media, promov\u00e2nd s\u0103n\u0103tatea \u0219i reabilitarea medical\u0103.<\/p>\t\t\t\t\t\t\t\t<\/div>\n\t\t\t\t<\/div>\n\t\t\t\t<\/div>\n\t\t\t\t<\/div>\n\t\t\t\t<\/div>\n\t\t<div class=\"elementor-element elementor-element-8074cb7 e-con-full e-flex e-con e-child\" data-id=\"8074cb7\" data-element_type=\"container\" data-e-type=\"container\" id=\"reserva\" data-settings=\"{&quot;background_background&quot;:&quot;gradient&quot;}\">\n\t\t\t\t<div class=\"elementor-element elementor-element-d633a24 elementor-widget elementor-widget-text-editor\" data-id=\"d633a24\" data-element_type=\"widget\" data-e-type=\"widget\" data-widget_type=\"text-editor.default\">\n\t\t\t\t<div class=\"elementor-widget-container\">\n\t\t\t\t\t\t\t\t\t<p><span class=\"TextRun MacChromeBold SCXW145751064 BCX0\" lang=\"PT-PT\" xml:lang=\"PT-PT\" data-contrast=\"auto\"><span class=\"NormalTextRun SpellingErrorV2Themed SCXW145751064 BCX0\">Completa\u021bi<\/span> <span class=\"NormalTextRun SpellingErrorV2Themed SCXW145751064 BCX0\">formularul<\/span><span class=\"NormalTextRun SCXW145751064 BCX0\"> de <\/span><span class=\"NormalTextRun SpellingErrorV2Themed SCXW145751064 BCX0\">mai<\/span> <span class=\"NormalTextRun SpellingErrorV2Themed SCXW145751064 BCX0\">jos<\/span> <span class=\"NormalTextRun SpellingErrorV2Themed SCXW145751064 BCX0\">\u0219i<\/span><span class=\"NormalTextRun SCXW145751064 BCX0\"> nu <\/span><span class=\"NormalTextRun SpellingErrorV2Themed SCXW145751064 BCX0\">rata\u021bi<\/span> <span class=\"NormalTextRun SpellingErrorV2Themed SCXW145751064 BCX0\">aceast\u0103<\/span> <span class=\"NormalTextRun SpellingErrorV2Themed SCXW145751064 BCX0\">oportunitate<\/span><span class=\"NormalTextRun SCXW145751064 BCX0\"> de a <\/span><span class=\"NormalTextRun SpellingErrorV2Themed SCXW145751064 BCX0\">\u00eenv\u0103\u021ba<\/span><span class=\"NormalTextRun SCXW145751064 BCX0\"> de la <\/span><span class=\"NormalTextRun SpellingErrorV2Themed SCXW145751064 BCX0\">cei<\/span> <span class=\"NormalTextRun SpellingErrorV2Themed SCXW145751064 BCX0\">mai<\/span> <span class=\"NormalTextRun SpellingErrorV2Themed SCXW145751064 BCX0\">buni<\/span> <span class=\"NormalTextRun SpellingErrorV2Themed SCXW145751064 BCX0\">exper\u021bi<\/span><span class=\"NormalTextRun SCXW145751064 BCX0\">.<\/span><\/span><span class=\"EOP SCXW145751064 BCX0\" data-ccp-props=\"{}\">\u00a0<\/span><\/p>\t\t\t\t\t\t\t\t<\/div>\n\t\t\t\t<\/div>\n\t\t\t\t<\/div>\n\t\t\t\t\t<\/div>\n\t\t\t\t<\/div>\n\t\t\t\t<\/div>\n\t\t","protected":false},"excerpt":{"rendered":"<p>27 MARTIE 18:00h. ORA ROM\u00c2NIEI \u2013WEBINAR ONLINE (NU \u00ceN PERSOAN\u0102) Webinar gratuit pentru profesioni\u0219tii din domeniul s\u0103n\u0103t\u0103\u021bii privind neuromodularea neinvaziv\u0103 cu NESA\u00ae Dori\u021bi s\u0103 transforma\u021bi tratamentul bolilor cronice? Explora\u021bi principiile fiziologice \u0219i beneficiile clinice ale neuromodul\u0103rii non-invazive NESA\u00ae. Dr. Raluca Munteanu Specialist \u00een Medicin\u0103 Fizic\u0103 \u0219i Reabilitare. Fondatoarea Nevis Clinic, cu experien\u021b\u0103 la B\u0103ile Felix&#8230;<\/p>\n","protected":false},"author":2,"featured_media":39898,"parent":0,"menu_order":0,"comment_status":"closed","ping_status":"closed","template":"","meta":{"footnotes":""},"class_list":["post-39896","page","type-page","status-publish","has-post-thumbnail","hentry"],"_links":{"self":[{"href":"https:\/\/nesaworld.eu\/es\/wp-json\/wp\/v2\/pages\/39896","targetHints":{"allow":["GET"]}}],"collection":[{"href":"https:\/\/nesaworld.eu\/es\/wp-json\/wp\/v2\/pages"}],"about":[{"href":"https:\/\/nesaworld.eu\/es\/wp-json\/wp\/v2\/types\/page"}],"author":[{"embeddable":true,"href":"https:\/\/nesaworld.eu\/es\/wp-json\/wp\/v2\/users\/2"}],"replies":[{"embeddable":true,"href":"https:\/\/nesaworld.eu\/es\/wp-json\/wp\/v2\/comments?post=39896"}],"version-history":[{"count":31,"href":"https:\/\/nesaworld.eu\/es\/wp-json\/wp\/v2\/pages\/39896\/revisions"}],"predecessor-version":[{"id":40310,"href":"https:\/\/nesaworld.eu\/es\/wp-json\/wp\/v2\/pages\/39896\/revisions\/40310"}],"wp:featuredmedia":[{"embeddable":true,"href":"https:\/\/nesaworld.eu\/es\/wp-json\/wp\/v2\/media\/39898"}],"wp:attachment":[{"href":"https:\/\/nesaworld.eu\/es\/wp-json\/wp\/v2\/media?parent=39896"}],"curies":[{"name":"wp","href":"https:\/\/api.w.org\/{rel}","templated":true}]}}