{"id":40263,"date":"2025-03-07T14:12:27","date_gmt":"2025-03-07T13:12:27","guid":{"rendered":"https:\/\/nesaworld.eu\/?page_id=40263"},"modified":"2025-09-09T08:17:34","modified_gmt":"2025-09-09T06:17:34","slug":"jornada-actualizacion-cientifica-y-academica-madrid-5-abril","status":"publish","type":"page","link":"https:\/\/nesaworld.eu\/es\/jornada-actualizacion-cientifica-y-academica-madrid-5-abril\/","title":{"rendered":"Jornada actualizaci\u00f3n cient\u00edfica y acad\u00e9mica Madrid 5 abril"},"content":{"rendered":"<p>5 DE ABRIL<\/p>\n<p>Sede EOM, Madrid<\/p>\n<h1>Jornada de<\/h1>\n<h1> Actualizaci\u00f3n Cient\u00edfica y Acad\u00e9mica<br \/>\n  <\/h1>\n<p>La Neuroestimulaci\u00f3n NESA est\u00e1 consolidando su papel en la pr\u00e1ctica cl\u00ednica y la investigaci\u00f3n cient\u00edfica, ofreciendo nuevas posibilidades terap\u00e9uticas basadas en una s\u00f3lida evidencia. \u00a0<\/p>\n<p>Este evento re\u00fane a especialistas de referencia para una actualizaci\u00f3n integral sobre los \u00faltimos avances y aplicaciones cl\u00ednicas de las microcorrientes no invasivas.\u00a0<\/p>\n<p>Con un programa dise\u00f1ado para profundizar en el conocimiento y fomentar el debate estrat\u00e9gico, esta jornada cient\u00edfica es una excelente oportunidad para que t\u00fa, como parte de nuestra red de profesionales, optimices tu pr\u00e1ctica y adquieras nuevas perspectivas en distintos \u00e1mbitos cl\u00ednicos.\u00a0<\/p>\n<p>\t\t\t\t\t<a href=\"#reserva\"><br \/>\n\t\t\t\t<svg xmlns=\"http:\/\/www.w3.org\/2000\/svg\" width=\"38\" height=\"38\" viewBox=\"0 0 38 38\" fill=\"none\"><circle cx=\"18.62\" cy=\"18.62\" r=\"18.62\" fill=\"white\"><\/circle><path d=\"M10.4197 13.0907C12.3027 10.0386 15.7301 8 19.6505 8C25.5964 8 30.4197 12.7027 30.4197 18.5C30.4197 24.2973 25.5964 29 19.6505 29C15.8014 29 12.4215 27.0309 10.5207 24.0656\" stroke=\"#00BBFF\" stroke-width=\"2\" stroke-linecap=\"round\" stroke-linejoin=\"round\"><\/path><path d=\"M15.5698 13.0698L20.985 18.5071L15.4676 24.047\" stroke=\"#00BBFF\" stroke-width=\"2\" stroke-linecap=\"round\" stroke-linejoin=\"round\"><\/path><path d=\"M20.985 18.5073H4\" stroke=\"#00BBFF\" stroke-width=\"2\" stroke-linecap=\"round\" stroke-linejoin=\"round\"><\/path><\/svg><br \/>\n\t\t\t\t\t\t\t\t\tInscr\u00edbete ahora<br \/>\n\t\t\t\t\t<\/a><\/p>\n<p>La jornada comienza en\u2026<\/p>\n<p>\t\t\t D\u00edas Horas Minutos Segundos\t\t<\/p>\n<h3>Lo que te espera en esta jornada:<\/h3>\n<p>\t\t\t\t\t\t\t\t\t\t\t\t\t\t\t<img decoding=\"async\" width=\"94\" height=\"94\" src=\"https:\/\/nesaworld.eu\/wp-content\/uploads\/2025\/03\/micro.svg\" alt=\"\" \/>\t\t\t\t\t\t\t\t\t\t\t\t\t\t\t<\/p>\n<p>Una actualizaci\u00f3n sobre los \u00faltimos avances en la fisiolog\u00eda NESA.<\/p>\n<p>\t\t\t\t\t\t\t\t\t\t\t\t\t\t\t<img decoding=\"async\" width=\"94\" height=\"94\" src=\"https:\/\/nesaworld.eu\/wp-content\/uploads\/2025\/03\/idea.svg\" alt=\"\" \/>\t\t\t\t\t\t\t\t\t\t\t\t\t\t\t<\/p>\n<p>Casos cl\u00ednicos y aplicaciones avanzadas explicadas por expertos.<\/p>\n<p>\t\t\t\t\t\t\t\t\t\t\t\t\t\t\t<img decoding=\"async\" width=\"94\" height=\"94\" src=\"https:\/\/nesaworld.eu\/wp-content\/uploads\/2025\/03\/idea.svg\" alt=\"\" \/>\t\t\t\t\t\t\t\t\t\t\t\t\t\t\t<\/p>\n<p>Una mirada a la evoluci\u00f3n de la investigaci\u00f3n y su futuro.<\/p>\n<p>\t\t\t\t\t\t\t\t\t\t\t\t\t\t\t<img decoding=\"async\" width=\"94\" height=\"94\" src=\"https:\/\/nesaworld.eu\/wp-content\/uploads\/2025\/03\/grupo-gente.svg\" alt=\"\" \/>\t\t\t\t\t\t\t\t\t\t\t\t\t\t\t<\/p>\n<p>Un espacio para conectar con otros profesionales y compartir experiencias.\u00a0<\/p>\n<h3>Programa<\/h3>\n<p><strong>10:00<br \/><\/strong>Apertura<\/p>\n<p><strong>10:15<br \/><\/strong>Actualizaci\u00f3n de fisiolog\u00eda NESA y nuevos avances<\/p>\n<p><strong><em>11:15 Coffe break<\/em><\/strong><\/p>\n<p><strong>11:30<\/strong><br \/>Casos cl\u00ednicos y aplicaci\u00f3n de programas<\/p>\n<p><em><strong>13:00 <\/strong><\/em><em><strong>Lunch<\/strong><\/em><\/p>\n<p><strong>14:30<\/strong><br \/>Actualizaci\u00f3n de investigaciones<\/p>\n<p><strong>15:30<br \/><\/strong>Razonamiento clinico en equipo: Team Based Learning<\/p>\n<p><strong>16:30<br \/><\/strong>Sesi\u00f3n de comunicaci\u00f3nes de invitados<\/p>\n<p><strong>17:45<br \/><\/strong> Cierre y avances NESAWORLD<\/p>\n<p><em><strong>18:00 Brindis<\/strong><\/em><\/p>\n<h3>Nuestros ponentes<\/h3>\n<p>\t\t\t\t\t\t\t\t\t\t\t\t\t\t\t<img loading=\"lazy\" decoding=\"async\" width=\"130\" height=\"130\" src=\"https:\/\/nesaworld.eu\/wp-content\/uploads\/2025\/03\/alejandrojornada-4-abril.png\" alt=\"\" \/>\t\t\t\t\t\t\t\t\t\t\t\t\t\t\t<\/p>\n<p>Dr <strong>Alejandro Medina<\/strong> <br \/>Especialista en Medicina Interna, con especializaci\u00f3n en Multimorbilidad y Pacientes Cr\u00f3nicos Complejos<\/p>\n<p>\t\t\t\t\t\t\t\t\t\t\t\t\t\t\t<img loading=\"lazy\" decoding=\"async\" width=\"130\" height=\"130\" src=\"https:\/\/nesaworld.eu\/wp-content\/uploads\/2025\/03\/fabiolajornada-4-abril.png\" alt=\"\" \/>\t\t\t\t\t\t\t\t\t\t\t\t\t\t\t<\/p>\n<p>Prof <strong>Fabiola Molina<\/strong> <br \/>Fisioterapeuta Cl\u00ednica y Master en Neurociencias.<\/p>\n<p>\t\t\t\t\t\t\t\t\t\t\t\t\t\t\t<img loading=\"lazy\" decoding=\"async\" width=\"120\" height=\"120\" src=\"https:\/\/nesaworld.eu\/wp-content\/uploads\/2025\/03\/raqueljornada-4-abril.png\" alt=\"\" \/>\t\t\t\t\t\t\t\t\t\t\t\t\t\t\t<\/p>\n<p>Dra. <strong>Raquel Medina<br \/><\/strong>Fisioterapeuta Cl\u00ednica, Doctora en Neurociencias y M\u00e1ster en Medicina del Sue\u00f1o<\/p>\n<p>\t\t\t\t\t\t\t\t\t\t\t\t\t\t\t<img loading=\"lazy\" decoding=\"async\" width=\"130\" height=\"130\" src=\"https:\/\/nesaworld.eu\/wp-content\/uploads\/2025\/03\/mariajornada-4-abril.png\" alt=\"\" \/>\t\t\t\t\t\t\t\t\t\t\t\t\t\t\t<\/p>\n<p>Prof <strong>Mar\u00eda Gonz\u00e1lez<\/strong><br \/>Fisioterapeuta Cl\u00ednica y M\u00e1ster en Fisioterapia del Suelo P\u00e9lvico.<\/p>\n<h3>PLAZO DE INSCRIPCI\u00d3N FINALIZADO <\/h3>\n","protected":false},"excerpt":{"rendered":"<p>5 DE ABRIL Sede EOM, Madrid Jornada de Actualizaci\u00f3n Cient\u00edfica y Acad\u00e9mica La Neuroestimulaci\u00f3n NESA est\u00e1 consolidando su papel en la pr\u00e1ctica cl\u00ednica y la investigaci\u00f3n cient\u00edfica, ofreciendo nuevas posibilidades terap\u00e9uticas basadas en una s\u00f3lida evidencia. \u00a0 Este evento re\u00fane a especialistas de referencia para una actualizaci\u00f3n integral sobre los \u00faltimos avances y aplicaciones cl\u00ednicas&#8230;<\/p>\n","protected":false},"author":2,"featured_media":40252,"parent":0,"menu_order":0,"comment_status":"closed","ping_status":"closed","template":"","meta":{"footnotes":""},"class_list":["post-40263","page","type-page","status-publish","has-post-thumbnail","hentry"],"_links":{"self":[{"href":"https:\/\/nesaworld.eu\/es\/wp-json\/wp\/v2\/pages\/40263","targetHints":{"allow":["GET"]}}],"collection":[{"href":"https:\/\/nesaworld.eu\/es\/wp-json\/wp\/v2\/pages"}],"about":[{"href":"https:\/\/nesaworld.eu\/es\/wp-json\/wp\/v2\/types\/page"}],"author":[{"embeddable":true,"href":"https:\/\/nesaworld.eu\/es\/wp-json\/wp\/v2\/users\/2"}],"replies":[{"embeddable":true,"href":"https:\/\/nesaworld.eu\/es\/wp-json\/wp\/v2\/comments?post=40263"}],"version-history":[{"count":59,"href":"https:\/\/nesaworld.eu\/es\/wp-json\/wp\/v2\/pages\/40263\/revisions"}],"predecessor-version":[{"id":44154,"href":"https:\/\/nesaworld.eu\/es\/wp-json\/wp\/v2\/pages\/40263\/revisions\/44154"}],"wp:featuredmedia":[{"embeddable":true,"href":"https:\/\/nesaworld.eu\/es\/wp-json\/wp\/v2\/media\/40252"}],"wp:attachment":[{"href":"https:\/\/nesaworld.eu\/es\/wp-json\/wp\/v2\/media?parent=40263"}],"curies":[{"name":"wp","href":"https:\/\/api.w.org\/{rel}","templated":true}]}}